{"id":15316,"date":"2024-02-23T20:05:49","date_gmt":"2024-02-23T19:05:49","guid":{"rendered":"https:\/\/sporteam.ch\/?page_id=15316"},"modified":"2024-02-23T20:27:25","modified_gmt":"2024-02-23T19:27:25","slug":"politique-de-confidentialite","status":"publish","type":"page","link":"https:\/\/sporteam.ch\/en\/politique-de-confidentialite\/","title":{"rendered":"Privacy Policy"},"content":{"rendered":"<p>La confidentialit\u00e9 de nos utilisateurs est tr\u00e8s importante pour nous. La pr\u00e9sente politique de confidentialit\u00e9 de Sporteam.ch (&#8220;Soci\u00e9t\u00e9&#8221;, &#8220;nous&#8221;, &#8220;notre&#8221; ou &#8220;nos&#8221;) d\u00e9crit comment nous recueillons, utilisons, stockons et prot\u00e9geons les informations personnelles identifiables (PII) que vous nous fournissez par exemple lorsque vous :<\/p>\n\n\n\n<ol class=\"wp-block-list\">\n<li>Visitez notre site web \u00e0 l&#8217;adresse <a href=\"https:\/\/sporteam.ch\/en\/\">https:\/\/sporteam.ch<\/a>, ou tout autre site web qui renvoie au pr\u00e9sent avis de confidentialit\u00e9.<\/li>\n\n\n\n<li>T\u00e9l\u00e9charger et utiliser notre application mobile (Sporteam.ch), ou toute autre application de notre soci\u00e9t\u00e9 qui renvoie \u00e0 la pr\u00e9sente d\u00e9claration de confidentialit\u00e9.<\/li>\n\n\n\n<li>Vous engagez avec nous dans d&#8217;autres domaines, y compris les ventes, le marketing ou les \u00e9v\u00e9nements<\/li>\n<\/ol>\n\n\n\n<h2 class=\"wp-block-heading\">Article 1 &#8211; Collecte et utilisation des informations<\/h2>\n\n\n\n<p>Lorsque vous visitez notre site Web, nous pouvons collecter certaines informations personnelles que vous nous fournissez volontairement, telles que votre nom, votre adresse e-mail, votre adresse postale et votre num\u00e9ro de t\u00e9l\u00e9phone. Nous utilisons ces informations pour r\u00e9pondre \u00e0 vos demandes, vous fournir des informations sur nos produits et services, ainsi que pour am\u00e9liorer votre exp\u00e9rience utilisateur.<\/p>\n\n\n\n<p>Sporteam.ch ne partagera jamais, sans avoir obtenu votre consentement pr\u00e9alable, vos donn\u00e9es \u00e0 caract\u00e8re personnel avec des soci\u00e9t\u00e9s tierces \u00e0 des fins marketing et\/ou commerciales.<\/p>\n\n\n\n<h2 class=\"wp-block-heading\">Article 2 &#8211; Cookies<\/h2>\n\n\n\n<p>Le site web utilise des cookies pour aider \u00e0 personnaliser votre exp\u00e9rience en ligne. En acc\u00e9dant \u00e0 Sporteam.ch, une banni\u00e8re de cookies s&#8217;affichent pour contr\u00f4ler quels cookies vous autorisez et donner votre accord.<\/p>\n\n\n\n<p>Un cookie est un fichier texte qui est plac\u00e9 sur votre disque dur par un serveur de pages web. Les cookies ne peuvent pas \u00eatre utilis\u00e9s pour ex\u00e9cuter des programmes ou transmettre des virus \u00e0 votre ordinateur. Les cookies vous sont attribu\u00e9s de mani\u00e8re unique et ne peuvent \u00eatre lus que par un serveur web du domaine qui vous a \u00e9mis le cookie.<\/p>\n\n\n\n<p>Nous pouvons utiliser des cookies pour collecter, stocker et suivre des informations \u00e0 des fins statistiques ou marketing pour exploiter notre site web. Les Cookies utilis\u00e9s sont obligatoires et donc n\u00e9cessaires au fonctionnement de notre site web. Ces cookies ne n\u00e9cessitent pas votre consentement car ils  fonctionnent toujours. N&#8217;oubliez pas qu&#8217;en acceptant les Cookies obligatoires, vous acceptez \u00e9galement  les Cookies tiers, qui pourraient \u00eatre utilis\u00e9s via des services fournis par des tiers si vous utilisez ces  services sur notre site web, par exemple, une fen\u00eatre d&#8217;affichage vid\u00e9o fournie par des tiers et int\u00e9gr\u00e9e \u00e0 notre site web.<\/p>\n\n\n\n<h2 class=\"wp-block-heading\">Article 3 &#8211; Partage d\u2019informations<\/h2>\n\n\n\n<p>Nous ne vendons, ne louons, ni ne partageons vos informations personnelles avec des tiers, sauf si nous avons obtenu votre consentement pr\u00e9alable. Nous pouvons partager vos informations avec des parties tierces aux fins suivantes :<\/p>\n\n\n\n<ul class=\"wp-block-list\">\n<li>Pour satisfaire \u00e0 une exigence l\u00e9gale, prot\u00e9ger nos droits l\u00e9gaux, ou faire respecter les termes de notre site Web.<\/li>\n\n\n\n<li>Si notre entreprise est vendue, fusionn\u00e9e ou acquise par une autre entreprise, vos informations peuvent \u00eatre transf\u00e9r\u00e9es dans le cadre de cette transaction.<\/li>\n<\/ul>\n\n\n\n<h2 class=\"wp-block-heading\">Article 4 &#8211; S\u00e9curit\u00e9 des informations<\/h2>\n\n\n\n<p>Nous prenons toutes les mesures raisonnables pour prot\u00e9ger vos informations personnelles contre la perte, l&#8217;utilisation abusive ou l&#8217;acc\u00e8s non autoris\u00e9. Toutes les informations sensibles fournies sur notre site Web sont s\u00e9curis\u00e9es via le protocole HTTPS.<\/p>\n\n\n\n<h2 class=\"wp-block-heading\">Article 5 &#8211; Liens vers des sites tiers<\/h2>\n\n\n\n<p>Notre Site peut contenir des liens vers des sites internet ou des services de tiers qui ne sont pas d\u00e9tenus ou contr\u00f4l\u00e9s par Sporteam.ch.<\/p>\n\n\n\n<p>De ce fait, Sporteam.ch n&#8217;a aucun contr\u00f4le l\u00e0-dessus, et n&#8217;assume aucune responsabilit\u00e9 pour, le contenu, les politiques de confidentialit\u00e9, ou les pratiques de tout site web ou service tiers. Vous reconnaissez et  acceptez en outre que Sporteam.ch ne peut \u00eatre tenue pour responsable, directement ou indirectement, de tout dommage ou perte caus\u00e9 ou pr\u00e9tendument caus\u00e9 par\/ou en relation avec l&#8217;utilisation ou la confiance accord\u00e9e \u00e0 tout contenu, bien ou service disponible sur ou par le biais de ces sites Web ou services.<\/p>\n\n\n\n<h2 class=\"wp-block-heading\">Article 6 &#8211; H\u00e9bergement du site et utilisation de vos donn\u00e9es Personnelles<\/h2>\n\n\n\n<p>Lors de votre navigation sur le Site, vos donn\u00e9es \u00e0 caract\u00e8re personnel peuvent \u00eatre transmises \u00e0 des prestataires ext\u00e9rieurs. Ces tiers assurent un service pour le compte de Sporteam.ch et en son nom dans le but de permettre le bon fonctionnement du Site et de ses Services. Voici la liste de ces services et leur politique de confidentialit\u00e9 :<br>Infomaniak (Suisse) pour l\u2019h\u00e9bergement des ressources telles que les images ou autres resources : <a href=\"https:\/\/www.infomaniak.com\/fr\/cgv\/reglement-general-protection-donnees\">https:\/\/www.infomaniak.com\/fr\/cgv\/reglement-general-protection-donnees<\/a><\/p>\n\n\n\n<h2 class=\"wp-block-heading\">Article 7 &#8211; Comment assurons-nous la s\u00e9curit\u00e9 de vos informations ?<\/h2>\n\n\n\n<p>Nous avons mis en \u0153uvre des mesures de s\u00e9curit\u00e9 techniques et organisationnelles appropri\u00e9es et raisonnables afin de prot\u00e9ger la s\u00e9curit\u00e9 des informations personnelles que nous traitons. Toutefois, malgr\u00e9 nos mesures de protection et nos efforts pour s\u00e9curiser vos informations, aucune transmission \u00e9lectronique sur l&#8217;internet ou technologie de stockage de l&#8217;information ne peut \u00eatre garantie \u00e0 100 %, de sorte que nous ne pouvons pas promettre ou garantir que les pirates informatiques, les cybercriminels ou d&#8217;autres tiers non autoris\u00e9s ne seront pas en mesure de d\u00e9jouer notre s\u00e9curit\u00e9 et de collecter, d&#8217;acc\u00e9der, de voler ou de modifier vos informations de mani\u00e8re inappropri\u00e9e. Bien que nous fassions de notre mieux pour prot\u00e9ger vos informations personnelles, la transmission d&#8217;informations personnelles vers et \u00e0 partir de nos services se fait \u00e0 vos propres risques. Vous ne devez acc\u00e9der aux services que dans un environnement s\u00e9curis\u00e9.<\/p>\n\n\n\n<h2 class=\"wp-block-heading\">Article 8 &#8211; Modification de la politique de confidentialit\u00e9<\/h2>\n\n\n\n<p>Nous nous r\u00e9servons le droit de modifier cette politique de confidentialit\u00e9 \u00e0 tout moment. Toute modification sera affich\u00e9e sur cette page.<\/p>","protected":false},"excerpt":{"rendered":"<p>\nLa confidentialit\u00e9 de nos utilisateurs est tr\u00e8s importante pour nous. La pr\u00e9sente politique de confidentialit\u00e9 de Sporteam.ch (&#8220;Soci\u00e9t\u00e9&#8221;, &#8220;nous&#8221;, &#8220;notre&#8221; ou &#8220;nos&#8221;) d\u00e9crit comment nous recueillons, utilisons, stockons et prot\u00e9geons les informations personnelles identifiables (PII) que vous nous fournissez <\/p>","protected":false},"author":1,"featured_media":0,"parent":0,"menu_order":0,"comment_status":"closed","ping_status":"closed","template":"","meta":{"footnotes":""},"class_list":["post-15316","page","type-page","status-publish","hentry"],"aioseo_notices":[],"_links":{"self":[{"href":"https:\/\/sporteam.ch\/en\/wp-json\/wp\/v2\/pages\/15316","targetHints":{"allow":["GET"]}}],"collection":[{"href":"https:\/\/sporteam.ch\/en\/wp-json\/wp\/v2\/pages"}],"about":[{"href":"https:\/\/sporteam.ch\/en\/wp-json\/wp\/v2\/types\/page"}],"author":[{"embeddable":true,"href":"https:\/\/sporteam.ch\/en\/wp-json\/wp\/v2\/users\/1"}],"replies":[{"embeddable":true,"href":"https:\/\/sporteam.ch\/en\/wp-json\/wp\/v2\/comments?post=15316"}],"version-history":[{"count":2,"href":"https:\/\/sporteam.ch\/en\/wp-json\/wp\/v2\/pages\/15316\/revisions"}],"predecessor-version":[{"id":15336,"href":"https:\/\/sporteam.ch\/en\/wp-json\/wp\/v2\/pages\/15316\/revisions\/15336"}],"wp:attachment":[{"href":"https:\/\/sporteam.ch\/en\/wp-json\/wp\/v2\/media?parent=15316"}],"curies":[{"name":"wp","href":"https:\/\/api.w.org\/{rel}","templated":true}]}}