{"id":15333,"date":"2024-02-23T20:26:48","date_gmt":"2024-02-23T19:26:48","guid":{"rendered":"https:\/\/sporteam.ch\/?page_id=15333"},"modified":"2024-03-04T21:25:57","modified_gmt":"2024-03-04T20:25:57","slug":"mentions-legales","status":"publish","type":"page","link":"https:\/\/sporteam.ch\/en\/mentions-legales\/","title":{"rendered":"Legal notice"},"content":{"rendered":"<h2 class=\"wp-block-heading\"><strong>\u00c9diteur du site :<\/strong><\/h2>\n\n\n\n<p>Good Time Sa<\/p>\n\n\n\n<p>Adresse : Avenue Bois-de-la-Chapelle 13, 1213 Onex, Gen\u00e8ve Suisse<\/p>\n\n\n\n<p>Email : <span \n                data-original-string=\"7Ap1ItWsBdpoYeYHwo34iA==9d63VYp8JZ3XOySedN\/6bIxHxndeL\/KwwkWbAEkP9\/qxxA=\"\n                class=\"apbct-email-encoder\"\n                title=\"This contact has been encoded by Anti-Spam by CleanTalk. Click to decode. To finish the decoding make sure that JavaScript is enabled in your browser.\">co<span class=\"apbct-blur\">*****@sp******.<\/span>ch<\/span><\/p>\n\n\n\n<p>Directeur de la publication : Yasar Unver<\/p>\n\n\n\n<h2 class=\"wp-block-heading\"><strong>H\u00e9bergement du site :<\/strong><\/h2>\n\n\n\n<p>L&#8217;h\u00e9bergement du site est assur\u00e9 par <\/p>\n\n\n\n<p>Infomaniak<\/p>\n\n\n\n<p>Adresse : Rue Eug\u00e8ne-Marziano 25, 1227 Gen\u00e8ve, Suisse<\/p>\n\n\n\n<p>T\u00e9l\u00e9phone : +41 22 820 35 40<\/p>\n\n\n\n<h2 class=\"wp-block-heading\"><strong>Propri\u00e9t\u00e9 intellectuelle :<\/strong><\/h2>\n\n\n\n<p>Tous les \u00e9l\u00e9ments du pr\u00e9sent site, incluant notamment les textes, les images, les vid\u00e9os, les graphismes, les logos, les ic\u00f4nes et les sons, sont la propri\u00e9t\u00e9 exclusive de Sporteam ou de ses partenaires et sont prot\u00e9g\u00e9s par les lois suisses et internationales relatives \u00e0 la propri\u00e9t\u00e9 intellectuelle.<\/p>\n\n\n\n<p>Toute reproduction, repr\u00e9sentation, modification, publication, adaptation de tout ou partie des \u00e9l\u00e9ments du site, quel que soit le moyen ou le proc\u00e9d\u00e9 utilis\u00e9, est interdite sans l&#8217;autorisation pr\u00e9alable \u00e9crite de Sporteam.<\/p>\n\n\n\n<p>Les photographies pr\u00e9sentes sur ce site ont \u00e9t\u00e9 achet\u00e9es sur une banque d&#8217;images et sont utilis\u00e9es avec licence. Elles ne peuvent \u00eatre reproduites ou utilis\u00e9es sans l&#8217;autorisation expresse de la banque d&#8217;images concern\u00e9e et\/ou de Sporteam.<\/p>\n\n\n\n<h2 class=\"wp-block-heading\"><strong>Cr\u00e9dits photos :<\/strong><\/h2>\n\n\n\n<p>Les photographies utilis\u00e9es sur ce site ont \u00e9t\u00e9 achet\u00e9es sur istockphoto.com, depositphotos.com, alamyimages.com, shutterstock.com et sont utilis\u00e9es sous licence, sauf mention contraire.<\/p>\n\n\n\n<h2 class=\"wp-block-heading\"><strong>Protection des donn\u00e9es personnelles :<\/strong><\/h2>\n\n\n\n<p>Les donn\u00e9es personnelles collect\u00e9es via ce site sont destin\u00e9es \u00e0 un usage interne et ne seront en aucun cas c\u00e9d\u00e9es ou vendues \u00e0 des tiers. Pour plus d&#8217;informations sur notre politique de confidentialit\u00e9 et sur vos droits relatifs \u00e0 vos donn\u00e9es personnelles, veuillez consulter notre politique de confidentialit\u00e9.<\/p>\n\n\n\n<h2 class=\"wp-block-heading\"><strong>Contact :<\/strong><\/h2>\n\n\n\n<p>Pour toute question ou demande d&#8217;information concernant le pr\u00e9sent site, vous pouvez nous contacter \u00e0 l&#8217;adresse email suivante : <span \n                data-original-string=\"34EM\/7CkuZ9Z91sDeUhIjg==9d6QH5vwZRnp1w1M+qXlSLpu8FD2AIiUj6+yquo+P2V4Rg=\"\n                class=\"apbct-email-encoder\"\n                title=\"This contact has been encoded by Anti-Spam by CleanTalk. Click to decode. To finish the decoding make sure that JavaScript is enabled in your browser.\">co<span class=\"apbct-blur\">*****@sp******.<\/span>ch<\/span>.<\/p>","protected":false},"excerpt":{"rendered":"<p>\n\u00c9diteur du site :<\/p>\n<p>Good Time Sa<\/p>\n<p>Adresse : Avenue Bois-de-la-Chapelle 13, 1213 Onex, Gen\u00e8ve Suisse<\/p>\n<p>Email : co*****@sp******.ch<\/p>\n<p>Directeur de la publication : Yasar Unver<br \/>\n<br \n<\/p>","protected":false},"author":1,"featured_media":0,"parent":0,"menu_order":0,"comment_status":"closed","ping_status":"closed","template":"","meta":{"footnotes":""},"class_list":["post-15333","page","type-page","status-publish","hentry"],"aioseo_notices":[],"_links":{"self":[{"href":"https:\/\/sporteam.ch\/en\/wp-json\/wp\/v2\/pages\/15333","targetHints":{"allow":["GET"]}}],"collection":[{"href":"https:\/\/sporteam.ch\/en\/wp-json\/wp\/v2\/pages"}],"about":[{"href":"https:\/\/sporteam.ch\/en\/wp-json\/wp\/v2\/types\/page"}],"author":[{"embeddable":true,"href":"https:\/\/sporteam.ch\/en\/wp-json\/wp\/v2\/users\/1"}],"replies":[{"embeddable":true,"href":"https:\/\/sporteam.ch\/en\/wp-json\/wp\/v2\/comments?post=15333"}],"version-history":[{"count":5,"href":"https:\/\/sporteam.ch\/en\/wp-json\/wp\/v2\/pages\/15333\/revisions"}],"predecessor-version":[{"id":15392,"href":"https:\/\/sporteam.ch\/en\/wp-json\/wp\/v2\/pages\/15333\/revisions\/15392"}],"wp:attachment":[{"href":"https:\/\/sporteam.ch\/en\/wp-json\/wp\/v2\/media?parent=15333"}],"curies":[{"name":"wp","href":"https:\/\/api.w.org\/{rel}","templated":true}]}}